{"id":10079,"date":"2025-05-12T17:45:59","date_gmt":"2025-05-12T15:45:59","guid":{"rendered":"https:\/\/toelthester.dk\/?post_type=product&#038;p=10079"},"modified":"2026-03-24T15:55:56","modified_gmt":"2026-03-24T14:55:56","slug":"wasserfall-mit-wolle","status":"publish","type":"product","link":"https:\/\/toelthester.dk\/de\/butik\/foss-med-uld\/","title":{"rendered":"Foss mit Wolle"},"content":{"rendered":"<p><strong>Technische Daten:<\/strong><br \/>\nF\u00fcllung: Wolle<br \/>\nAusleger: B-Ausleger<br \/>\nTasseneisen: Ein Tasseneisen wird verwendet<br \/>\nBoomgr\u00f6\u00dfe: 25 \u2013 26 Normal 27 \u2013 Breit 28 \u2013 29 und 30 X-Breit.<br \/>\nSitzgr\u00f6\u00dfen: 16,0\u2033 \u2013 16,5\u2033 \u2013 17,0\u2033 \u2013 17,5\u2033 \u2013 18,0\u2033<br \/>\nGewicht: 5,2 kg<\/p>\n<p>&nbsp;<\/p>","protected":false},"excerpt":{"rendered":"<p><strong>Foss Sattel \u2013 Qualit\u00e4t und Komfort der Sonderklasse<\/strong><\/p>\n<p>Der Foss-Sattel von T\u00f8lthester wurde f\u00fcr Reiter entwickelt, die bei Komfort, Funktionalit\u00e4t oder Qualit\u00e4t keine Kompromisse eingehen m\u00f6chten. Durch seine solide Konstruktion auf einem B-B\u00fcgel und einem auswechselbaren A-Kopfeisen bietet der Foss-Sattel optimale Passform und Halt \u2013 unabh\u00e4ngig vom Pferdetyp.<\/p>\n<p>Der tiefe und ausbalancierte Sitz gew\u00e4hrleistet einen engen Kontakt zwischen Reiter und Pferd und schafft so ideale Voraussetzungen f\u00fcr eine pr\u00e4zise Kommunikation und maximalen Reitkomfort. Der Sattel ist aus exklusivem, hochwertigem Kalbsleder gefertigt und mit einem ergonomischen Kniepolster ausgestattet, das den Oberschenkel st\u00fctzt, ohne das Knie zu belasten.<\/p>\n<p>Der Foss-Sattel vereint klassische Handwerkskunst mit modernem Design und Funktionalit\u00e4t. Jedes Detail ist durchdacht und die mitgelieferte H\u00fclle rundet das exklusive Erlebnis ab.<\/p>\n<p>&nbsp;<\/p>\n<p><strong>Zusamenfassend:<\/strong><\/p>\n<ul>\n<li>B-Steg f\u00fcr optimale Passform<\/li>\n<li>Austauschbares Kopfeisen (Standard 27A)<\/li>\n<li>Tiefer und ausgewogener Sitz<\/li>\n<li>Ergonomisches Kniepolster mit guter Unterst\u00fctzung<\/li>\n<li>Aus hochwertigem Kalbsleder<\/li>\n<li>Abdeckung enthalten<\/li>\n<li>Die gezeigten Bilder zeigen einen Sattel mit Wolle<\/li>\n<\/ul>\n<p>Mit dem Foss-Sattel erhalten Sie nicht nur einen Sattel, sondern ein komplettes Qualit\u00e4tsprodukt, das Ihr Reiten auf die n\u00e4chste Stufe bringt.<\/p>","protected":false},"featured_media":10065,"template":"","meta":{"inline_featured_image":false},"product_brand":[],"product_cat":[10],"product_tag":[],"class_list":{"0":"post-10079","1":"product","2":"type-product","3":"status-publish","4":"has-post-thumbnail","6":"product_cat-sadler","8":"first","9":"instock","10":"featured","11":"taxable","12":"shipping-taxable","13":"purchasable","14":"product-type-variable"},"yoast_head":"<!-- This site is optimized with the Yoast SEO plugin v27.3 - https:\/\/yoast.com\/product\/yoast-seo-wordpress\/ -->\n<title>Foss ny sadel fra T\u00f8lthester<\/title>\n<meta name=\"description\" content=\"Foss sadlen fra T\u00f8lthester er udviklet til rytteren, der ikke vil g\u00e5 p\u00e5 kompromis med hverken komfort, funktionalitet eller kvalitet. Findes med uld og Latex\" \/>\n<meta name=\"robots\" content=\"index, follow, max-snippet:-1, max-image-preview:large, max-video-preview:-1\" \/>\n<link rel=\"canonical\" href=\"https:\/\/toelthester.dk\/de\/speichern\/wasserfall-mit-wolle\/\" \/>\n<meta property=\"og:locale\" content=\"de_DE\" \/>\n<meta property=\"og:type\" content=\"article\" \/>\n<meta property=\"og:title\" content=\"Foss ny sadel fra T\u00f8lthester\" \/>\n<meta property=\"og:description\" content=\"Foss sadlen fra T\u00f8lthester er udviklet til rytteren, der ikke vil g\u00e5 p\u00e5 kompromis med hverken komfort, funktionalitet eller kvalitet. Findes med uld og Latex\" \/>\n<meta property=\"og:url\" content=\"https:\/\/toelthester.dk\/de\/speichern\/wasserfall-mit-wolle\/\" \/>\n<meta property=\"og:site_name\" content=\"Toelthester\" \/>\n<meta property=\"article:modified_time\" content=\"2026-03-24T14:55:56+00:00\" \/>\n<meta property=\"og:image\" content=\"https:\/\/toelthester.dk\/wp-content\/uploads\/2025\/05\/Toelthester-maj-2025-72-dpi-01.jpg\" \/>\n\t<meta property=\"og:image:width\" content=\"1577\" \/>\n\t<meta property=\"og:image:height\" content=\"1051\" \/>\n\t<meta property=\"og:image:type\" content=\"image\/jpeg\" \/>\n<meta name=\"twitter:card\" content=\"summary_large_image\" \/>\n<meta name=\"twitter:label1\" content=\"Gesch\u00e4tzte Lesezeit\" \/>\n\t<meta name=\"twitter:data1\" content=\"1\u00a0Minute\" \/>\n<script type=\"application\/ld+json\" class=\"yoast-schema-graph\">{\"@context\":\"https:\\\/\\\/schema.org\",\"@graph\":[{\"@type\":\"WebPage\",\"@id\":\"https:\\\/\\\/toelthester.dk\\\/butik\\\/foss-med-uld\\\/\",\"url\":\"https:\\\/\\\/toelthester.dk\\\/butik\\\/foss-med-uld\\\/\",\"name\":\"Foss ny sadel fra T\u00f8lthester\",\"isPartOf\":{\"@id\":\"https:\\\/\\\/toelthester.dk\\\/#website\"},\"primaryImageOfPage\":{\"@id\":\"https:\\\/\\\/toelthester.dk\\\/butik\\\/foss-med-uld\\\/#primaryimage\"},\"image\":{\"@id\":\"https:\\\/\\\/toelthester.dk\\\/butik\\\/foss-med-uld\\\/#primaryimage\"},\"thumbnailUrl\":\"https:\\\/\\\/toelthester.dk\\\/wp-content\\\/uploads\\\/2025\\\/05\\\/Toelthester-maj-2025-72-dpi-01.jpg\",\"datePublished\":\"2025-05-12T15:45:59+00:00\",\"dateModified\":\"2026-03-24T14:55:56+00:00\",\"description\":\"Foss sadlen fra T\u00f8lthester er udviklet til rytteren, der ikke vil g\u00e5 p\u00e5 kompromis med hverken komfort, funktionalitet eller kvalitet. Findes med uld og Latex\",\"breadcrumb\":{\"@id\":\"https:\\\/\\\/toelthester.dk\\\/butik\\\/foss-med-uld\\\/#breadcrumb\"},\"inLanguage\":\"de\",\"potentialAction\":[{\"@type\":\"ReadAction\",\"target\":[\"https:\\\/\\\/toelthester.dk\\\/butik\\\/foss-med-uld\\\/\"]}]},{\"@type\":\"ImageObject\",\"inLanguage\":\"de\",\"@id\":\"https:\\\/\\\/toelthester.dk\\\/butik\\\/foss-med-uld\\\/#primaryimage\",\"url\":\"https:\\\/\\\/toelthester.dk\\\/wp-content\\\/uploads\\\/2025\\\/05\\\/Toelthester-maj-2025-72-dpi-01.jpg\",\"contentUrl\":\"https:\\\/\\\/toelthester.dk\\\/wp-content\\\/uploads\\\/2025\\\/05\\\/Toelthester-maj-2025-72-dpi-01.jpg\",\"width\":1577,\"height\":1051},{\"@type\":\"BreadcrumbList\",\"@id\":\"https:\\\/\\\/toelthester.dk\\\/butik\\\/foss-med-uld\\\/#breadcrumb\",\"itemListElement\":[{\"@type\":\"ListItem\",\"position\":1,\"name\":\"Hjem\",\"item\":\"https:\\\/\\\/toelthester.dk\\\/\"},{\"@type\":\"ListItem\",\"position\":2,\"name\":\"Shop\",\"item\":\"https:\\\/\\\/toelthester.dk\\\/shop\\\/\"},{\"@type\":\"ListItem\",\"position\":3,\"name\":\"Foss med Uld\"}]},{\"@type\":\"WebSite\",\"@id\":\"https:\\\/\\\/toelthester.dk\\\/#website\",\"url\":\"https:\\\/\\\/toelthester.dk\\\/\",\"name\":\"Toelthester\",\"description\":\"\",\"potentialAction\":[{\"@type\":\"SearchAction\",\"target\":{\"@type\":\"EntryPoint\",\"urlTemplate\":\"https:\\\/\\\/toelthester.dk\\\/?s={search_term_string}\"},\"query-input\":{\"@type\":\"PropertyValueSpecification\",\"valueRequired\":true,\"valueName\":\"search_term_string\"}}],\"inLanguage\":\"de\"}]}<\/script>\n<!-- \/ Yoast SEO plugin. -->","yoast_head_json":{"title":"Foss neuer Sattel von T\u00f8lthester","description":"Der Foss-Sattel von T\u00f8lthester wurde f\u00fcr Reiter entwickelt, die bei Komfort, Funktionalit\u00e4t oder Qualit\u00e4t keine Kompromisse eingehen m\u00f6chten. Erh\u00e4ltlich mit Wolle und Latex","robots":{"index":"index","follow":"follow","max-snippet":"max-snippet:-1","max-image-preview":"max-image-preview:large","max-video-preview":"max-video-preview:-1"},"canonical":"https:\/\/toelthester.dk\/de\/speichern\/wasserfall-mit-wolle\/","og_locale":"de_DE","og_type":"article","og_title":"Foss ny sadel fra T\u00f8lthester","og_description":"Foss sadlen fra T\u00f8lthester er udviklet til rytteren, der ikke vil g\u00e5 p\u00e5 kompromis med hverken komfort, funktionalitet eller kvalitet. Findes med uld og Latex","og_url":"https:\/\/toelthester.dk\/de\/speichern\/wasserfall-mit-wolle\/","og_site_name":"Toelthester","article_modified_time":"2026-03-24T14:55:56+00:00","og_image":[{"width":1577,"height":1051,"url":"https:\/\/toelthester.dk\/wp-content\/uploads\/2025\/05\/Toelthester-maj-2025-72-dpi-01.jpg","type":"image\/jpeg"}],"twitter_card":"summary_large_image","twitter_misc":{"Gesch\u00e4tzte Lesezeit":"1\u00a0Minute"},"schema":{"@context":"https:\/\/schema.org","@graph":[{"@type":"WebPage","@id":"https:\/\/toelthester.dk\/butik\/foss-med-uld\/","url":"https:\/\/toelthester.dk\/butik\/foss-med-uld\/","name":"Foss neuer Sattel von T\u00f8lthester","isPartOf":{"@id":"https:\/\/toelthester.dk\/#website"},"primaryImageOfPage":{"@id":"https:\/\/toelthester.dk\/butik\/foss-med-uld\/#primaryimage"},"image":{"@id":"https:\/\/toelthester.dk\/butik\/foss-med-uld\/#primaryimage"},"thumbnailUrl":"https:\/\/toelthester.dk\/wp-content\/uploads\/2025\/05\/Toelthester-maj-2025-72-dpi-01.jpg","datePublished":"2025-05-12T15:45:59+00:00","dateModified":"2026-03-24T14:55:56+00:00","description":"Der Foss-Sattel von T\u00f8lthester wurde f\u00fcr Reiter entwickelt, die bei Komfort, Funktionalit\u00e4t oder Qualit\u00e4t keine Kompromisse eingehen m\u00f6chten. Erh\u00e4ltlich mit Wolle und Latex","breadcrumb":{"@id":"https:\/\/toelthester.dk\/butik\/foss-med-uld\/#breadcrumb"},"inLanguage":"de","potentialAction":[{"@type":"ReadAction","target":["https:\/\/toelthester.dk\/butik\/foss-med-uld\/"]}]},{"@type":"ImageObject","inLanguage":"de","@id":"https:\/\/toelthester.dk\/butik\/foss-med-uld\/#primaryimage","url":"https:\/\/toelthester.dk\/wp-content\/uploads\/2025\/05\/Toelthester-maj-2025-72-dpi-01.jpg","contentUrl":"https:\/\/toelthester.dk\/wp-content\/uploads\/2025\/05\/Toelthester-maj-2025-72-dpi-01.jpg","width":1577,"height":1051},{"@type":"BreadcrumbList","@id":"https:\/\/toelthester.dk\/butik\/foss-med-uld\/#breadcrumb","itemListElement":[{"@type":"ListItem","position":1,"name":"Hjem","item":"https:\/\/toelthester.dk\/"},{"@type":"ListItem","position":2,"name":"Shop","item":"https:\/\/toelthester.dk\/shop\/"},{"@type":"ListItem","position":3,"name":"Foss med Uld"}]},{"@type":"WebSite","@id":"https:\/\/toelthester.dk\/#website","url":"https:\/\/toelthester.dk\/","name":"Toilettenpferde","description":"","potentialAction":[{"@type":"SearchAction","target":{"@type":"EntryPoint","urlTemplate":"https:\/\/toelthester.dk\/?s={search_term_string}"},"query-input":{"@type":"PropertyValueSpecification","valueRequired":true,"valueName":"search_term_string"}}],"inLanguage":"de"}]}},"_links":{"self":[{"href":"https:\/\/toelthester.dk\/de\/wp-json\/wp\/v2\/product\/10079","targetHints":{"allow":["GET"]}}],"collection":[{"href":"https:\/\/toelthester.dk\/de\/wp-json\/wp\/v2\/product"}],"about":[{"href":"https:\/\/toelthester.dk\/de\/wp-json\/wp\/v2\/types\/product"}],"wp:featuredmedia":[{"embeddable":true,"href":"https:\/\/toelthester.dk\/de\/wp-json\/wp\/v2\/media\/10065"}],"wp:attachment":[{"href":"https:\/\/toelthester.dk\/de\/wp-json\/wp\/v2\/media?parent=10079"}],"wp:term":[{"taxonomy":"product_brand","embeddable":true,"href":"https:\/\/toelthester.dk\/de\/wp-json\/wp\/v2\/product_brand?post=10079"},{"taxonomy":"product_cat","embeddable":true,"href":"https:\/\/toelthester.dk\/de\/wp-json\/wp\/v2\/product_cat?post=10079"},{"taxonomy":"product_tag","embeddable":true,"href":"https:\/\/toelthester.dk\/de\/wp-json\/wp\/v2\/product_tag?post=10079"}],"curies":[{"name":"wp","href":"https:\/\/api.w.org\/{rel}","templated":true}]}}