{"id":6629,"date":"2018-05-07T10:24:26","date_gmt":"2018-05-07T08:24:26","guid":{"rendered":"https:\/\/toelthester.dk\/?page_id=6629"},"modified":"2025-02-10T20:58:15","modified_gmt":"2025-02-10T19:58:15","slug":"handelsbedingungen","status":"publish","type":"page","link":"https:\/\/toelthester.dk\/de\/handelbetingelser\/","title":{"rendered":"Handelsbedingungen"},"content":{"rendered":"<div class=\"wpb-content-wrapper\"><div class=\"vc_row wpb_row vc_row-fluid\"><div class=\"wpb_column vc_column_container vc_col-sm-12\"><div class=\"vc_column-inner\"><div class=\"wpb_wrapper\">\n\t<div class=\"wpb_text_column wpb_content_element\" >\n\t\t<div class=\"wpb_wrapper\">\n\t\t\t<p><strong>Allgemeine Gesch\u00e4ftsbedingungen f\u00fcr T\u00f8lthester ApS<\/strong><\/p>\n<p><strong>www.t\u00f8lthester.dk ist Eigentum von<\/strong><\/p>\n<p><strong>T\u00f8lthester ApS<\/strong><br \/>\nRodelundvej 44<br \/>\n8680 Rep<\/p>\n<p>Mobilnummer: +45-22214454<br \/>\njesper@vengedalen.dk<br \/>\nCVR: 23948516<br \/>\nGr\u00fcndungsjahr: 2014<\/p>\n<p>Bankverbindung:<br \/>\nNykredit Aarhus<br \/>\nReg. 8117 \u2013 Konto 03122381<\/p>\n<p><strong>Zahlung<\/strong><br \/>\nM\u00f6gliche Zahlungsarten \u00fcber Epay sind Visa, Visa Electron, Maestro, American Express, JCB und Mastercard.<\/p>\n<p><strong><img loading=\"lazy\" decoding=\"async\" class=\"alignnone wp-image-6623\" src=\"https:\/\/toelthester.dk\/wp-content\/uploads\/2018\/05\/Epay-alle-betal-logoer1.jpg\" alt=\"\" width=\"189\" height=\"24\" srcset=\"https:\/\/toelthester.dk\/wp-content\/uploads\/2018\/05\/Epay-alle-betal-logoer1.jpg 197w, https:\/\/toelthester.dk\/wp-content\/uploads\/2018\/05\/Epay-alle-betal-logoer1-64x8.jpg 64w\" sizes=\"auto, (max-width: 189px) 100vw, 189px\" \/><\/strong><\/p>\n<p><strong>Preise und Vertr\u00e4ge<\/strong><br \/>\nAlle Preise verstehen sich in d\u00e4nischen Kronen (DKK) und inkl. der gesetzlichen Mehrwertsteuer. 25 % Mehrwertsteuer, sofern nichts anderes vermerkt ist.<\/p>\n<p><strong>Verkauf im Allgemeinen<\/strong><br \/>\nDer zum Zeitpunkt der Bestellung angegebene Preis ist der jeweils g\u00fcltige Bestellpreis. Abholware wird zum aktuellen Preis zum Zeitpunkt der Bestellung in Rechnung gestellt und der Preis \u00e4ndert sich weder bei einer Preissenkung noch bei einer Preiserh\u00f6hung.<\/p>\n<p><strong>Reservierungen<br \/>\n<\/strong>Druck-\/Tippfehler sowie Artikelausf\u00e4lle und Abweichungen vom geschriebenen oder abgebildeten Bild bleiben vorbehalten.<\/p>\n<p><strong>Lieferzeit<br \/>\n<\/strong>Ihre Waren werden innerhalb von 1-3 Werktagen nach Eingang Ihrer Bestellung bei T\u00f8lthester ApS versendet. F\u00fcr spezielle Aktionsangebote wie Die Lieferung von Fr\u00fchlingsmarkt- und Black Friday-Angeboten kann bis zu 14 Tage dauern. Wenn der Artikel nicht vorr\u00e4tig ist, kann es zu Wartezeiten kommen, wof\u00fcr wir uns entschuldigen. In diesem Fall werden Sie kontaktiert. Wenn der Artikel versendet wird, senden wir Ihnen eine E-Mail. Sobald der Artikel versendet wurde, buchen wir den Betrag von Ihrem Konto ab.<\/p>\n<p><strong>Sendungen<\/strong><br \/>\nWenn Sie Waren bei T\u00f8lthester ApS bestellen, k\u00f6nnen Sie Ihr Paket an Ihren n\u00e4chstgelegenen PostNord-Paketshop oder mit der privaten Zustellung von PostNord an Ihre Adresse liefern lassen.<br \/>\nDie Versandart w\u00e4hlen Sie beim Checkout selbst aus.<\/p>\n<p><strong>Versandkosten<br \/>\n<\/strong>In D\u00e4nemark: f\u00fcr Eink\u00e4ufe \u00fcber DKK. 499, der Versand ist kostenlos \u2013 alle anderen Sendungen kosten:<br \/>\n40 kr zum PostNord Paketshop<br \/>\n70,00 DKK mit PostNord-Lieferung an Privatpersonen<\/p>\n<p>Die Versandkosten in EU-L\u00e4nder betragen 9,45 \u20ac, unabh\u00e4ngig vom Bestellwert.<br \/>\nF\u00fcr Lieferungen au\u00dferhalb der EU rufen Sie T\u00f8lthester ApS an oder schreiben Sie uns, um einen Preis zu erfahren.<\/p>\n<p><strong>Wenn Sie Ihren Kauf bereuen (Widerrufsrecht)<\/strong><br \/>\nSie haben ein 14-t\u00e4giges Widerrufsrecht, wenn Sie bei uns einkaufen.<br \/>\nDie Widerrufsfrist endet 14 Tage nach dem Tag, an dem Sie Ihren Artikel erhalten haben.<br \/>\nSie m\u00fcssen uns innerhalb von 14 Tagen nach Erhalt mitteilen, dass Sie Ihren Kauf stornieren m\u00f6chten. Die Benachrichtigung muss per E-Mail an erfolgen\u00a0<a href=\"mailto:jesper@vengedalen.dk\">jesper@vengedalen.dk<\/a> In Ihrer Nachricht m\u00fcssen Sie uns deutlich machen, dass Sie von Ihrem Widerrufsrecht Gebrauch machen m\u00f6chten.<br \/>\nSie k\u00f6nnen dies nicht dadurch r\u00fcckg\u00e4ngig machen, dass Sie die Annahme der Ware einfach verweigern, ohne uns dies gleichzeitig deutlich mitzuteilen.<\/p>\n<p><strong>Zur\u00fcckkehren<\/strong><br \/>\nSie m\u00fcssen Ihre Bestellung unverz\u00fcglich und sp\u00e4testens 14 Tage, nachdem Sie uns mitgeteilt haben, dass Sie Ihren Kauf stornieren m\u00f6chten, an uns zur\u00fccksenden. Sie m\u00fcssen die direkten Kosten im Zusammenhang mit der R\u00fccksendung des Artikels tragen. Bei der R\u00fccksendung sind Sie daf\u00fcr verantwortlich, dass der Artikel ordnungsgem\u00e4\u00df verpackt ist. Sie tragen das Risiko f\u00fcr den Artikel ab dem Zeitpunkt der Lieferung des Artikels.<br \/>\nWenn Sie den Artikel gegen eine andere Gr\u00f6\u00dfe, Farbe oder ein anderes Produkt umtauschen m\u00f6chten, sendet Ihnen T\u00f8lthester ApS gerne ein neues Produkt zu. Die Frachtkosten f\u00fcr sonstige Sendungen tr\u00e4gt der Kunde.<\/p>\n<p><strong>Zur\u00fcckgesandte Ware, die keine Fehler enth\u00e4lt<\/strong><br \/>\nWenn der Kunde defekte oder falsche Waren an T\u00f8lthester ApS zur\u00fccksendet, bei denen kein vom Kunden definierter und angegebener Fehler oder Mangel vorliegt, wird die Ware zur\u00fcckgesandt.<\/p>\n<p><strong>Waren vom Widerrufsrecht ausgeschlossen<\/strong><br \/>\nAusgenommen vom Widerrufsrecht sind folgende Warenarten: Lieferung von Waren, die nach den Vorgaben des Verbrauchers angefertigt wurden oder denen eine besondere pers\u00f6nliche Note verliehen wurde, einschlie\u00dflich S\u00e4tteln, die nach Ihren Anweisungen zu Ihnen nach Hause als Kunde bestellt wurden .<\/p>\n<p><strong>Der Zustand des Artikels, wenn Sie ihn zur\u00fccksenden<\/strong><\/p>\n<ul>\n<li>Sie haften nur f\u00fcr einen etwaigen Wertverlust der Waren, der auf einen zur Pr\u00fcfung der Beschaffenheit, Eigenschaften und Funktionsweise der Waren nicht notwendigen Umgang mit ihnen zur\u00fcckzuf\u00fchren ist. Mit anderen Worten: Sie k\u00f6nnen das Produkt auf die gleiche Weise ausprobieren, als ob Sie es in einem Ladengesch\u00e4ft ausprobiert h\u00e4tten. Wenn der Artikel \u00fcber die oben beschriebenen hinausgehend anprobiert wurde, betrachten wir ihn als gebraucht. Das bedeutet, dass Sie bei einem Widerruf des Kaufs nur einen Teil oder gar keinen Kaufpreis zur\u00fcckerhalten, abh\u00e4ngig vom Handelswert des Artikels . Um den vollen Kaufbetrag zur\u00fcckzuerhalten, m\u00fcssen Sie daher das Gleiche tun, wie Sie es auch in einem Ladengesch\u00e4ft tun k\u00f6nnen. Sie k\u00f6nnen das Produkt testen, es aber nicht tats\u00e4chlich verwenden.<\/li>\n<li>Wenn Sie die Sache in Gebrauch genommen haben, m\u00fcssen Sie damit rechnen, dass wir die voraussichtliche Wertminderung durch die Erstattung ausgleichen; die Wertminderung wird von Zeit zu Zeit ermittelt. Produkte wie S\u00e4ttel und Decken kommen zum Einsatz, wenn sie auf das Pferd gelegt werden.<\/li>\n<\/ul>\n<p><strong>R\u00fcckerstattung des Kaufbetrages<\/strong><\/p>\n<ul>\n<li>Sollten Sie Ihren Kauf bereuen, erhalten Sie den von Ihnen gezahlten Betrag selbstverst\u00e4ndlich zur\u00fcck. Im Falle einer von Ihnen zu vertretenden Wertminderung wird diese vom Kaufbetrag abgezogen. Wenn Sie von Ihrem Widerrufsrecht Gebrauch machen, erstatten wir Ihnen alle von Ihnen erhaltenen Zahlungen, einschlie\u00dflich der Lieferkosten (jedoch nicht die zus\u00e4tzlichen Kosten, die sich daraus ergeben, dass Sie eine andere Lieferart als die von uns angebotene g\u00fcnstigste Standardlieferart gew\u00e4hlt haben), unverz\u00fcglich zur\u00fcck und in jedem Fall sp\u00e4testens 14 Tage nach dem Datum, an dem wir die Mitteilung \u00fcber Ihre Entscheidung, von dieser Vereinbarung zur\u00fcckzutreten, erhalten haben.<\/li>\n<li>F\u00fcr diese R\u00fcckzahlung verwenden wir dasselbe Zahlungsmittel, das Sie bei der urspr\u00fcnglichen Transaktion eingesetzt haben, es sei denn, mit Ihnen wurde ausdr\u00fccklich etwas anderes vereinbart.<\/li>\n<\/ul>\n<p>Wir k\u00f6nnen die R\u00fcckerstattung verweigern, bis wir den Artikel wieder zur\u00fcckerhalten haben, es sei denn, Sie haben zuvor den Nachweis erbracht, dass Sie den Artikel zur\u00fcckgesandt haben.<br \/>\nWenn Sie den Kauf bereuen, muss der Artikel an folgende Adresse gesendet werden:<\/p>\n<p>T\u00f8lthester ApS<br \/>\nRodelundvej 44<br \/>\n8680 Rep<br \/>\nSie k\u00f6nnen den Kauf auch widerrufen, indem Sie eine eindeutige Nachricht hinterlassen und den Artikel pers\u00f6nlich an die oben genannte Adresse abgeben.<\/p>\n<p><strong>Was soll ich zur\u00fcckschicken?<\/strong><br \/>\nSie m\u00fcssen eine Kopie der Bestellbest\u00e4tigung beif\u00fcgen.<br \/>\nNotiz! Wir nehmen keine Pakete entgegen, die von verschickt werden Barzahlung bei Lieferung.<\/p>\n<p><strong>Wenn mit dem Produkt etwas nicht stimmt (Reklamationsrecht)<\/strong><br \/>\nBeim Kauf von Waren k\u00f6nnen die Bestimmungen des Kaufgesetzes \u00fcber M\u00e4ngel angewendet werden.<br \/>\nWenn Sie bei www.t\u00f8lthester.dk einkaufen, haben Sie nat\u00fcrlich <strong>24 Monate Beschwerderecht<\/strong>. Das bedeutet, dass Sie je nach Situation entweder den Artikel reparieren, umtauschen, das Geld zur\u00fcckerhalten oder den Preis reduzieren k\u00f6nnen.<br \/>\nVoraussetzung ist selbstverst\u00e4ndlich, dass die Reklamation berechtigt ist und der Mangel nicht auf unsachgem\u00e4\u00dfen Gebrauch des Produkts oder sonstiges schadenverursachendes Verhalten zur\u00fcckzuf\u00fchren ist.<\/p>\n<p><strong>Wie schnell sollte ich Werbung machen?<\/strong><br \/>\nSie m\u00fcssen innerhalb einer \u201eangemessenen Frist\u201c Werbung machen, nachdem Sie den Mangel des Artikels festgestellt haben. Wenn Sie den Mangel innerhalb von zwei Monaten nach Entdeckung des Mangels reklamieren, erfolgt die R\u00fcge stets rechtzeitig.<\/p>\n<p><strong>Wir erstatten angemessene Versandkosten<\/strong><br \/>\nWenn die Reklamation berechtigt ist, erstatten wir Ihnen selbstverst\u00e4ndlich Ihre (angemessenen = Listenpreise von Post Danmark) Versandkosten.<\/p>\n<p><strong>Der Artikel wird gesendet an:<\/strong><br \/>\nKutschpferde<br \/>\nRodelundvej 44<br \/>\n8680 RY<\/p>\n<p><strong>Wir ben\u00f6tigen die folgenden Informationen, wenn Sie den Artikel an uns senden<\/strong><br \/>\nBitte geben Sie bei der R\u00fccksendung des Artikels das Problem m\u00f6glichst detailliert an:<br \/>\nNotiz! Wir nehmen keine Pakete entgegen, die von verschickt werden per Nachnahme o.\u00e4.<br \/>\nDenken Sie daran, dass der Artikel immer in einer ordnungsgem\u00e4\u00dfen Verpackung zur\u00fcckgesendet werden muss und denken Sie daran, eine Quittung f\u00fcr den Versand zu erhalten, damit wir Ihnen die Versandkosten erstatten k\u00f6nnen.<\/p>\n<p><strong>Was wir mit Ihren personenbezogenen Daten machen (Richtlinie zu personenbezogenen Daten)<\/strong><br \/>\nDamit Sie mit uns einen Vertrag abschlie\u00dfen k\u00f6nnen, ben\u00f6tigen wir folgende Angaben: Name, Adresse, Telefonnummer und E-Mail-Adresse.<br \/>\nWir erfassen Ihre personenbezogenen Daten mit dem Ziel, die Ware an Sie liefern zu k\u00f6nnen.<br \/>\nDie personenbezogenen Daten werden bei T\u00f8lthester ApS registriert und f\u00fcnf Jahre lang gespeichert, danach werden die Informationen gel\u00f6scht.<br \/>\nBei der Erhebung personenbezogener Daten \u00fcber unsere Website stellen wir sicher, dass dies stets mit Ihrer ausdr\u00fccklichen Einwilligung geschieht, sodass Sie genau dar\u00fcber informiert sind, welche Informationen zu welchem Zweck erfasst werden.<br \/>\nDer Direktor von T\u00f8lthester ApS hat Zugriff auf die \u00fcber Sie registrierten Informationen. Wir speichern Kundeninformationen nicht verschl\u00fcsselt.<br \/>\nAn T\u00f8lthester ApS \u00fcbermittelte Informationen werden in keiner Weise an Dritte weitergegeben oder verkauft und wir erfassen keine sensiblen pers\u00f6nlichen Daten.<br \/>\nAls registrierter Benutzer von T\u00f8lthester ApS haben Sie jederzeit das Recht, der Registrierung zu widersprechen. Sie haben au\u00dferdem das Recht auf Zugriff auf die \u00fcber Sie registrierten Informationen. Sie haben diese Rechte gem\u00e4\u00df dem Gesetz \u00fcber personenbezogene Daten. Anfragen diesbez\u00fcglich sollten per E-Mail an T\u00f8lthester ApS gerichtet werden: <a href=\"mailto:jesper@vengedalen.dk\">jesper@vengedalen.dk<\/a><\/p>\n<p>&nbsp;<\/p>\n<p><strong>Zugang zu Beschwerden<\/strong><br \/>\nWenn Sie sich \u00fcber Ihren Kauf beschweren m\u00f6chten, m\u00fcssen Sie Jesper Purup unter der E-Mail-Adresse jesper@vengedalen.dk kontaktieren. Wenn es uns nicht gelingt, eine L\u00f6sung zu finden, k\u00f6nnen Sie eine Beschwerde bei den zust\u00e4ndigen Gremien in der Region einreichen, sofern die Voraussetzungen daf\u00fcr erf\u00fcllt sind .<\/p>\n<p>&nbsp;<\/p>\n<p><strong>Haben Sie Zweifel?<\/strong><br \/>\nBei Fragen empfiehlt T\u00f8lthester, sich an <a href=\"mailto:jesper@vengedalen.dk\">jesper@vengedalen.dk<\/a><\/p>\n\n\t\t<\/div>\n\t<\/div>\n<\/div><\/div><\/div><\/div>\n<\/div>","protected":false},"excerpt":{"rendered":"Allgemeine Gesch\u00e4ftsbedingungen f\u00fcr T\u00f8lthester ApS www.t\u00f8lthester.dk ist Eigentum von T\u00f8lthester ApS Rodelundvej 44 8680 Ry Mobil...","protected":false},"author":1,"featured_media":0,"parent":0,"menu_order":0,"comment_status":"closed","ping_status":"closed","template":"","meta":{"inline_featured_image":false,"footnotes":""},"class_list":["post-6629","page","type-page","status-publish","hentry"],"yoast_head":"<!-- This site is optimized with the Yoast SEO plugin v27.4 - https:\/\/yoast.com\/product\/yoast-seo-wordpress\/ -->\n<title>Handelbetingelser - Toelthester<\/title>\n<meta name=\"robots\" content=\"index, follow, max-snippet:-1, max-image-preview:large, max-video-preview:-1\" \/>\n<link rel=\"canonical\" href=\"https:\/\/toelthester.dk\/de\/handelsbedingungen\/\" \/>\n<meta property=\"og:locale\" content=\"de_DE\" \/>\n<meta property=\"og:type\" content=\"article\" \/>\n<meta property=\"og:title\" content=\"Handelbetingelser - Toelthester\" \/>\n<meta property=\"og:url\" content=\"https:\/\/toelthester.dk\/de\/handelsbedingungen\/\" \/>\n<meta property=\"og:site_name\" content=\"Toelthester\" \/>\n<meta property=\"article:modified_time\" content=\"2025-02-10T19:58:15+00:00\" \/>\n<meta property=\"og:image\" content=\"https:\/\/toelthester.dk\/wp-content\/uploads\/2018\/05\/Epay-alle-betal-logoer1.jpg\" \/>\n<meta name=\"twitter:card\" content=\"summary_large_image\" \/>\n<meta name=\"twitter:label1\" content=\"Gesch\u00e4tzte Lesezeit\" \/>\n\t<meta name=\"twitter:data1\" content=\"8\u00a0Minuten\" \/>\n<script type=\"application\/ld+json\" class=\"yoast-schema-graph\">{\"@context\":\"https:\\\/\\\/schema.org\",\"@graph\":[{\"@type\":\"WebPage\",\"@id\":\"https:\\\/\\\/toelthester.dk\\\/handelbetingelser\\\/\",\"url\":\"https:\\\/\\\/toelthester.dk\\\/handelbetingelser\\\/\",\"name\":\"Handelbetingelser - Toelthester\",\"isPartOf\":{\"@id\":\"https:\\\/\\\/toelthester.dk\\\/#website\"},\"primaryImageOfPage\":{\"@id\":\"https:\\\/\\\/toelthester.dk\\\/handelbetingelser\\\/#primaryimage\"},\"image\":{\"@id\":\"https:\\\/\\\/toelthester.dk\\\/handelbetingelser\\\/#primaryimage\"},\"thumbnailUrl\":\"https:\\\/\\\/toelthester.dk\\\/wp-content\\\/uploads\\\/2018\\\/05\\\/Epay-alle-betal-logoer1.jpg\",\"datePublished\":\"2018-05-07T08:24:26+00:00\",\"dateModified\":\"2025-02-10T19:58:15+00:00\",\"breadcrumb\":{\"@id\":\"https:\\\/\\\/toelthester.dk\\\/handelbetingelser\\\/#breadcrumb\"},\"inLanguage\":\"de\",\"potentialAction\":[{\"@type\":\"ReadAction\",\"target\":[\"https:\\\/\\\/toelthester.dk\\\/handelbetingelser\\\/\"]}]},{\"@type\":\"ImageObject\",\"inLanguage\":\"de\",\"@id\":\"https:\\\/\\\/toelthester.dk\\\/handelbetingelser\\\/#primaryimage\",\"url\":\"https:\\\/\\\/toelthester.dk\\\/wp-content\\\/uploads\\\/2018\\\/05\\\/Epay-alle-betal-logoer1.jpg\",\"contentUrl\":\"https:\\\/\\\/toelthester.dk\\\/wp-content\\\/uploads\\\/2018\\\/05\\\/Epay-alle-betal-logoer1.jpg\"},{\"@type\":\"BreadcrumbList\",\"@id\":\"https:\\\/\\\/toelthester.dk\\\/handelbetingelser\\\/#breadcrumb\",\"itemListElement\":[{\"@type\":\"ListItem\",\"position\":1,\"name\":\"Hjem\",\"item\":\"https:\\\/\\\/toelthester.dk\\\/\"},{\"@type\":\"ListItem\",\"position\":2,\"name\":\"Handelbetingelser\"}]},{\"@type\":\"WebSite\",\"@id\":\"https:\\\/\\\/toelthester.dk\\\/#website\",\"url\":\"https:\\\/\\\/toelthester.dk\\\/\",\"name\":\"Toelthester\",\"description\":\"\",\"potentialAction\":[{\"@type\":\"SearchAction\",\"target\":{\"@type\":\"EntryPoint\",\"urlTemplate\":\"https:\\\/\\\/toelthester.dk\\\/?s={search_term_string}\"},\"query-input\":{\"@type\":\"PropertyValueSpecification\",\"valueRequired\":true,\"valueName\":\"search_term_string\"}}],\"inLanguage\":\"de\"}]}<\/script>\n<!-- \/ Yoast SEO plugin. -->","yoast_head_json":{"title":"Handelsbedingungen - Toilettenpferde","robots":{"index":"index","follow":"follow","max-snippet":"max-snippet:-1","max-image-preview":"max-image-preview:large","max-video-preview":"max-video-preview:-1"},"canonical":"https:\/\/toelthester.dk\/de\/handelsbedingungen\/","og_locale":"de_DE","og_type":"article","og_title":"Handelbetingelser - Toelthester","og_url":"https:\/\/toelthester.dk\/de\/handelsbedingungen\/","og_site_name":"Toelthester","article_modified_time":"2025-02-10T19:58:15+00:00","og_image":[{"url":"https:\/\/toelthester.dk\/wp-content\/uploads\/2018\/05\/Epay-alle-betal-logoer1.jpg","type":"","width":"","height":""}],"twitter_card":"summary_large_image","twitter_misc":{"Gesch\u00e4tzte Lesezeit":"8\u00a0Minuten"},"schema":{"@context":"https:\/\/schema.org","@graph":[{"@type":"WebPage","@id":"https:\/\/toelthester.dk\/handelbetingelser\/","url":"https:\/\/toelthester.dk\/handelbetingelser\/","name":"Handelsbedingungen - Toilettenpferde","isPartOf":{"@id":"https:\/\/toelthester.dk\/#website"},"primaryImageOfPage":{"@id":"https:\/\/toelthester.dk\/handelbetingelser\/#primaryimage"},"image":{"@id":"https:\/\/toelthester.dk\/handelbetingelser\/#primaryimage"},"thumbnailUrl":"https:\/\/toelthester.dk\/wp-content\/uploads\/2018\/05\/Epay-alle-betal-logoer1.jpg","datePublished":"2018-05-07T08:24:26+00:00","dateModified":"2025-02-10T19:58:15+00:00","breadcrumb":{"@id":"https:\/\/toelthester.dk\/handelbetingelser\/#breadcrumb"},"inLanguage":"de","potentialAction":[{"@type":"ReadAction","target":["https:\/\/toelthester.dk\/handelbetingelser\/"]}]},{"@type":"ImageObject","inLanguage":"de","@id":"https:\/\/toelthester.dk\/handelbetingelser\/#primaryimage","url":"https:\/\/toelthester.dk\/wp-content\/uploads\/2018\/05\/Epay-alle-betal-logoer1.jpg","contentUrl":"https:\/\/toelthester.dk\/wp-content\/uploads\/2018\/05\/Epay-alle-betal-logoer1.jpg"},{"@type":"BreadcrumbList","@id":"https:\/\/toelthester.dk\/handelbetingelser\/#breadcrumb","itemListElement":[{"@type":"ListItem","position":1,"name":"Hjem","item":"https:\/\/toelthester.dk\/"},{"@type":"ListItem","position":2,"name":"Handelbetingelser"}]},{"@type":"WebSite","@id":"https:\/\/toelthester.dk\/#website","url":"https:\/\/toelthester.dk\/","name":"Toilettenpferde","description":"","potentialAction":[{"@type":"SearchAction","target":{"@type":"EntryPoint","urlTemplate":"https:\/\/toelthester.dk\/?s={search_term_string}"},"query-input":{"@type":"PropertyValueSpecification","valueRequired":true,"valueName":"search_term_string"}}],"inLanguage":"de"}]}},"_links":{"self":[{"href":"https:\/\/toelthester.dk\/de\/wp-json\/wp\/v2\/pages\/6629","targetHints":{"allow":["GET"]}}],"collection":[{"href":"https:\/\/toelthester.dk\/de\/wp-json\/wp\/v2\/pages"}],"about":[{"href":"https:\/\/toelthester.dk\/de\/wp-json\/wp\/v2\/types\/page"}],"author":[{"embeddable":true,"href":"https:\/\/toelthester.dk\/de\/wp-json\/wp\/v2\/users\/1"}],"replies":[{"embeddable":true,"href":"https:\/\/toelthester.dk\/de\/wp-json\/wp\/v2\/comments?post=6629"}],"version-history":[{"count":9,"href":"https:\/\/toelthester.dk\/de\/wp-json\/wp\/v2\/pages\/6629\/revisions"}],"predecessor-version":[{"id":10007,"href":"https:\/\/toelthester.dk\/de\/wp-json\/wp\/v2\/pages\/6629\/revisions\/10007"}],"wp:attachment":[{"href":"https:\/\/toelthester.dk\/de\/wp-json\/wp\/v2\/media?parent=6629"}],"curies":[{"name":"wp","href":"https:\/\/api.w.org\/{rel}","templated":true}]}}