{"id":15,"date":"2016-04-11T13:16:29","date_gmt":"2016-04-11T13:16:29","guid":{"rendered":"http:\/\/import.getbowtied.com\/merchandiser\/?page_id=15"},"modified":"2023-05-23T09:28:42","modified_gmt":"2023-05-23T07:28:42","slug":"titelseite-2","status":"publish","type":"page","link":"https:\/\/toelthester.dk\/de\/","title":{"rendered":"Titelseite"},"content":{"rendered":"<div class=\"wpb-content-wrapper\"><div data-vc-full-width=\"true\" data-vc-full-width-temp=\"true\" data-vc-full-width-init=\"false\" data-vc-stretch-content=\"true\" class=\"vc_row wpb_row vc_row-fluid vc_row-no-padding\"><div class=\"wpb_column vc_column_container vc_col-sm-12\"><div class=\"vc_column-inner\"><div class=\"wpb_wrapper\"><div class=\"wpb_layerslider_element wpb_content_element\"><script type=\"text\/javascript\">jQuery(function() { _initLayerSlider( '#layerslider_1_1bc6qreis6t0i', {sliderVersion: '7.15.1', type: 'fullwidth', responsiveUnder: 0, layersContainer: 0, hideUnder: 0, pauseOnHover: 1, skin: 'v5', sliderFadeInDuration: 350, hoverBottomNav: true, showCircleTimer: false, thumbnailNavigation: 'disabled', useSrcset: true, skinsPath: 'https:\/\/toelthester.dk\/wp-content\/plugins\/LayerSlider\/assets\/static\/layerslider\/skins\/', performanceMode: true}); });<\/script><div id=\"layerslider_1_1bc6qreis6t0i\"  class=\"ls-wp-container fitvidsignore ls-selectable\" style=\"width:2000px;height:650px;margin:0 auto;margin-bottom: 0px;\"><div class=\"ls-slide\" data-ls=\"duration:3000;\"><img loading=\"lazy\" decoding=\"async\" width=\"1024\" height=\"768\" src=\"https:\/\/toelthester.dk\/wp-content\/uploads\/2025\/08\/8481ADCC-B139-4816-8045-23A22DD98C83_1_105_c.jpeg\" class=\"ls-l ls-img-layer\" alt=\"\" srcset=\"https:\/\/toelthester.dk\/wp-content\/uploads\/2025\/08\/8481ADCC-B139-4816-8045-23A22DD98C83_1_105_c.jpeg 1024w, https:\/\/toelthester.dk\/wp-content\/uploads\/2025\/08\/8481ADCC-B139-4816-8045-23A22DD98C83_1_105_c-300x225.jpeg 300w, https:\/\/toelthester.dk\/wp-content\/uploads\/2025\/08\/8481ADCC-B139-4816-8045-23A22DD98C83_1_105_c-768x576.jpeg 768w, https:\/\/toelthester.dk\/wp-content\/uploads\/2025\/08\/8481ADCC-B139-4816-8045-23A22DD98C83_1_105_c-16x12.jpeg 16w, https:\/\/toelthester.dk\/wp-content\/uploads\/2025\/08\/8481ADCC-B139-4816-8045-23A22DD98C83_1_105_c-500x375.jpeg 500w, https:\/\/toelthester.dk\/wp-content\/uploads\/2025\/08\/8481ADCC-B139-4816-8045-23A22DD98C83_1_105_c-960x720.jpeg 960w, https:\/\/toelthester.dk\/wp-content\/uploads\/2025\/08\/8481ADCC-B139-4816-8045-23A22DD98C83_1_105_c-64x48.jpeg 64w\" sizes=\"auto, (max-width: 1024px) 100vw, 1024px\" style=\"overflow:visible;left:0px;top:-485px;width:2000px;height:1200px;\"><\/div><\/div><\/div><\/div><\/div><\/div><\/div><div class=\"vc_row-full-width vc_clearfix\"><\/div><div class=\"vc_row wpb_row vc_row-fluid\"><div class=\"wpb_column vc_column_container vc_col-sm-12\"><div class=\"vc_column-inner\"><div class=\"wpb_wrapper\"><div class=\"vc_empty_space\"   style=\"height: 1px\"><span class=\"vc_empty_space_inner\"><\/span><\/div>\n\t<div class=\"wpb_text_column wpb_content_element\" >\n\t\t<div class=\"wpb_wrapper\">\n\t\t\t<h1 style=\"text-align: center; font-size: 2.5rem;\">Island-Reitausr\u00fcstung in hoher Qualit\u00e4t<\/h1>\n\n\t\t<\/div>\n\t<\/div>\n<\/div><\/div><\/div><\/div><section class=\"vc_section\"><div data-vc-full-width=\"true\" data-vc-full-width-temp=\"true\" data-vc-full-width-init=\"false\" data-vc-stretch-content=\"true\" class=\"vc_row wpb_row vc_row-fluid\"><div class=\"wpb_column vc_column_container vc_col-sm-2\"><div class=\"vc_column-inner\"><div class=\"wpb_wrapper\"><\/div><\/div><\/div><div class=\"wpb_column vc_column_container vc_col-sm-8\"><div class=\"vc_column-inner\"><div class=\"wpb_wrapper\"><div class=\"vc_row wpb_row vc_inner vc_row-fluid\"><div class=\"wpb_column vc_column_container vc_col-sm-12 vc_col-lg-4 vc_col-md-6\"><div class=\"vc_column-inner\"><div class=\"wpb_wrapper\"><div class=\"categories_layout_1\">\r\n\r\n\t<div class=\"woocommerce\">\r\n\t\t\r\n\t\t<ul class=\"shortcode_products visible\"  >\r\n\r\n\t\t\t\r\n\t\t\t\t\t\r\n\t\t\t\t<li class=\"category_item\">\r\n\t\t\t\t\t\r\n\t\t\t\t\t<a class=\"cat_link\" href=\"https:\/\/toelthester.dk\/de\/produkt-kategori\/sadler\/\">\r\n\t\t\t\t\t\t<div class=\"category_thumbnail\" style=\"background: url(https:\/\/toelthester.dk\/wp-content\/uploads\/2021\/06\/NOI-forsiden.jpg)\"><\/div>\r\n\t\t\t\t\t<\/a>\r\n\t\t\t\t\t\r\n\t\t\t\t\t<div class=\"category_name\">\r\n\t\t\t\t\t\t<a href=\"https:\/\/toelthester.dk\/de\/produkt-kategori\/sadler\/\">\r\n\t\t\t\t\t\t\tS\u00e4ttel <span class=\"count\">21<\/span>\r\n\t\t\t\t\t\t<\/a>\r\n\t\t\t\t\t<\/div>\r\n\r\n\t\t\t\t<\/li>\r\n\r\n\t\t\t\t\r\n\t\t\t\r\n\t\t<\/ul>\r\n\t\t\r\n\t<\/div>\r\n\r\n<\/div><\/div><\/div><\/div><div class=\"wpb_column vc_column_container vc_col-sm-12 vc_col-lg-4 vc_col-md-6\"><div class=\"vc_column-inner\"><div class=\"wpb_wrapper\"><div class=\"categories_layout_1\">\r\n\r\n\t<div class=\"woocommerce\">\r\n\t\t\r\n\t\t<ul class=\"shortcode_products visible\"  >\r\n\r\n\t\t\t\r\n\t\t\t\t\t\r\n\t\t\t\t<li class=\"category_item\">\r\n\t\t\t\t\t\r\n\t\t\t\t\t<a class=\"cat_link\" href=\"https:\/\/toelthester.dk\/de\/produkt-kategori\/tilbehoer-sadler\/\">\r\n\t\t\t\t\t\t<div class=\"category_thumbnail\" style=\"background: url(https:\/\/toelthester.dk\/wp-content\/uploads\/2019\/02\/T\u00f8lthester-411-72-dpi.jpg)\"><\/div>\r\n\t\t\t\t\t<\/a>\r\n\t\t\t\t\t\r\n\t\t\t\t\t<div class=\"category_name\">\r\n\t\t\t\t\t\t<a href=\"https:\/\/toelthester.dk\/de\/produkt-kategori\/tilbehoer-sadler\/\">\r\n\t\t\t\t\t\t\tS\u00e4ttel zubeh\u00f6r <span class=\"count\">27<\/span>\r\n\t\t\t\t\t\t<\/a>\r\n\t\t\t\t\t<\/div>\r\n\r\n\t\t\t\t<\/li>\r\n\r\n\t\t\t\t\r\n\t\t\t\r\n\t\t<\/ul>\r\n\t\t\r\n\t<\/div>\r\n\r\n<\/div><\/div><\/div><\/div><div class=\"wpb_column vc_column_container vc_col-sm-12 vc_col-lg-4 vc_col-md-6\"><div class=\"vc_column-inner\"><div class=\"wpb_wrapper\"><div class=\"categories_layout_1\">\r\n\r\n\t<div class=\"woocommerce\">\r\n\t\t\r\n\t\t<ul class=\"shortcode_products visible\"  >\r\n\r\n\t\t\t\r\n\t\t\t\t\t\r\n\t\t\t\t<li class=\"category_item\">\r\n\t\t\t\t\t\r\n\t\t\t\t\t<a class=\"cat_link\" href=\"https:\/\/toelthester.dk\/de\/produkt-kategori\/toejler\/\">\r\n\t\t\t\t\t\t<div class=\"category_thumbnail\" style=\"background: url(https:\/\/toelthester.dk\/wp-content\/uploads\/2023\/01\/Toelthester-371-72-dpi.jpg)\"><\/div>\r\n\t\t\t\t\t<\/a>\r\n\t\t\t\t\t\r\n\t\t\t\t\t<div class=\"category_name\">\r\n\t\t\t\t\t\t<a href=\"https:\/\/toelthester.dk\/de\/produkt-kategori\/toejler\/\">\r\n\t\t\t\t\t\t\tZ\u00fcgel <span class=\"count\">22<\/span>\r\n\t\t\t\t\t\t<\/a>\r\n\t\t\t\t\t<\/div>\r\n\r\n\t\t\t\t<\/li>\r\n\r\n\t\t\t\t\r\n\t\t\t\r\n\t\t<\/ul>\r\n\t\t\r\n\t<\/div>\r\n\r\n<\/div><\/div><\/div><\/div><div class=\"wpb_column vc_column_container vc_col-sm-12 vc_col-lg-4 vc_col-md-6\"><div class=\"vc_column-inner\"><div class=\"wpb_wrapper\"><div class=\"categories_layout_1\">\r\n\r\n\t<div class=\"woocommerce\">\r\n\t\t\r\n\t\t<ul class=\"shortcode_products visible\"  >\r\n\r\n\t\t\t\r\n\t\t\t\t\t\r\n\t\t\t\t<li class=\"category_item\">\r\n\t\t\t\t\t\r\n\t\t\t\t\t<a class=\"cat_link\" href=\"https:\/\/toelthester.dk\/de\/produkt-kategori\/bid\/\">\r\n\t\t\t\t\t\t<div class=\"category_thumbnail\" style=\"background: url(https:\/\/toelthester.dk\/wp-content\/uploads\/2023\/01\/Toelthester-301-72-dpi.jpg)\"><\/div>\r\n\t\t\t\t\t<\/a>\r\n\t\t\t\t\t\r\n\t\t\t\t\t<div class=\"category_name\">\r\n\t\t\t\t\t\t<a href=\"https:\/\/toelthester.dk\/de\/produkt-kategori\/bid\/\">\r\n\t\t\t\t\t\t\tGebisse <span class=\"count\">5<\/span>\r\n\t\t\t\t\t\t<\/a>\r\n\t\t\t\t\t<\/div>\r\n\r\n\t\t\t\t<\/li>\r\n\r\n\t\t\t\t\r\n\t\t\t\r\n\t\t<\/ul>\r\n\t\t\r\n\t<\/div>\r\n\r\n<\/div><\/div><\/div><\/div><div class=\"wpb_column vc_column_container vc_col-sm-12 vc_col-lg-4 vc_col-md-6\"><div class=\"vc_column-inner\"><div class=\"wpb_wrapper\"><div class=\"categories_layout_1\">\r\n\r\n\t<div class=\"woocommerce\">\r\n\t\t\r\n\t\t<ul class=\"shortcode_products visible\"  >\r\n\r\n\t\t\t\r\n\t\t\t\t\t\r\n\t\t\t\t<li class=\"category_item\">\r\n\t\t\t\t\t\r\n\t\t\t\t\t<a class=\"cat_link\" href=\"https:\/\/toelthester.dk\/de\/produkt-kategori\/trenser\/\">\r\n\t\t\t\t\t\t<div class=\"category_thumbnail\" style=\"background: url(https:\/\/toelthester.dk\/wp-content\/uploads\/2023\/01\/Toelthester-350-72-dpi.jpg)\"><\/div>\r\n\t\t\t\t\t<\/a>\r\n\t\t\t\t\t\r\n\t\t\t\t\t<div class=\"category_name\">\r\n\t\t\t\t\t\t<a href=\"https:\/\/toelthester.dk\/de\/produkt-kategori\/trenser\/\">\r\n\t\t\t\t\t\t\tTrense und Halfter <span class=\"count\">21<\/span>\r\n\t\t\t\t\t\t<\/a>\r\n\t\t\t\t\t<\/div>\r\n\r\n\t\t\t\t<\/li>\r\n\r\n\t\t\t\t\r\n\t\t\t\r\n\t\t<\/ul>\r\n\t\t\r\n\t<\/div>\r\n\r\n<\/div><\/div><\/div><\/div><div class=\"wpb_column vc_column_container vc_col-sm-12 vc_col-lg-4 vc_col-md-6\"><div class=\"vc_column-inner\"><div class=\"wpb_wrapper\"><div class=\"categories_layout_1\">\r\n\r\n\t<div class=\"woocommerce\">\r\n\t\t\r\n\t\t<ul class=\"shortcode_products visible\"  >\r\n\r\n\t\t\t\r\n\t\t\t\t\t\r\n\t\t\t\t<li class=\"category_item\">\r\n\t\t\t\t\t\r\n\t\t\t\t\t<a class=\"cat_link\" href=\"https:\/\/toelthester.dk\/de\/produkt-kategori\/daekken\/\">\r\n\t\t\t\t\t\t<div class=\"category_thumbnail\" style=\"background: url(https:\/\/toelthester.dk\/wp-content\/uploads\/2020\/11\/72-dpi-Toelthester-nov-2020-48.jpg)\"><\/div>\r\n\t\t\t\t\t<\/a>\r\n\t\t\t\t\t\r\n\t\t\t\t\t<div class=\"category_name\">\r\n\t\t\t\t\t\t<a href=\"https:\/\/toelthester.dk\/de\/produkt-kategori\/daekken\/\">\r\n\t\t\t\t\t\t\tDecke <span class=\"count\">5<\/span>\r\n\t\t\t\t\t\t<\/a>\r\n\t\t\t\t\t<\/div>\r\n\r\n\t\t\t\t<\/li>\r\n\r\n\t\t\t\t\r\n\t\t\t\r\n\t\t<\/ul>\r\n\t\t\r\n\t<\/div>\r\n\r\n<\/div><\/div><\/div><\/div><\/div><\/div><\/div><\/div><div class=\"wpb_column vc_column_container vc_col-sm-2\"><div class=\"vc_column-inner\"><div class=\"wpb_wrapper\"><\/div><\/div><\/div><\/div><div class=\"vc_row-full-width vc_clearfix\"><\/div><\/section><div class=\"vc_row wpb_row vc_row-fluid\"><div class=\"wpb_column vc_column_container vc_col-sm-12\"><div class=\"vc_column-inner\"><div class=\"wpb_wrapper\"><div class=\"vc_empty_space\"   style=\"height: 60px\"><span class=\"vc_empty_space_inner\"><\/span><\/div><\/div><\/div><\/div><\/div>\n<\/div>","protected":false},"excerpt":{"rendered":"Isl\u00e6nder rideudstyr i h\u00f8j kvalitet Sadler 21 Sadel tilbeh\u00f8r 27 T\u00f8jler 22 Bid 5 Hovedt\u00f8j...","protected":false},"author":1,"featured_media":0,"parent":0,"menu_order":0,"comment_status":"closed","ping_status":"closed","template":"","meta":{"inline_featured_image":false,"footnotes":""},"class_list":["post-15","page","type-page","status-publish","hentry"],"yoast_head":"<!-- This site is optimized with the Yoast SEO plugin v27.5 - https:\/\/yoast.com\/product\/yoast-seo-wordpress\/ -->\n<title>Islandske sadler til den Islandske hest fra T\u00f8lthester.<\/title>\n<meta name=\"description\" content=\"Med 15 \u00e5rs erfaring med produktion og udvikling af sadler til den Islandske hest, er du sikret de optimale Islandske sadler til din hest.\" \/>\n<meta name=\"robots\" content=\"index, follow, max-snippet:-1, max-image-preview:large, max-video-preview:-1\" \/>\n<link rel=\"canonical\" href=\"https:\/\/toelthester.dk\/de\/\" \/>\n<meta property=\"og:locale\" content=\"de_DE\" \/>\n<meta property=\"og:type\" content=\"article\" \/>\n<meta property=\"og:title\" content=\"Islandske sadler til den Islandske hest fra T\u00f8lthester.\" \/>\n<meta property=\"og:description\" content=\"Med 15 \u00e5rs erfaring med produktion og udvikling af sadler til den Islandske hest, er du sikret de optimale Islandske sadler til din hest.\" \/>\n<meta property=\"og:url\" content=\"https:\/\/toelthester.dk\/de\/\" \/>\n<meta property=\"og:site_name\" content=\"Toelthester\" \/>\n<meta property=\"article:modified_time\" content=\"2023-05-23T07:28:42+00:00\" \/>\n<meta name=\"twitter:card\" content=\"summary_large_image\" \/>\n<meta name=\"twitter:label1\" content=\"Gesch\u00e4tzte Lesezeit\" \/>\n\t<meta name=\"twitter:data1\" content=\"1\u00a0Minute\" \/>\n<script type=\"application\/ld+json\" class=\"yoast-schema-graph\">{\"@context\":\"https:\\\/\\\/schema.org\",\"@graph\":[{\"@type\":\"WebPage\",\"@id\":\"https:\\\/\\\/toelthester.dk\\\/\",\"url\":\"https:\\\/\\\/toelthester.dk\\\/\",\"name\":\"Islandske sadler til den Islandske hest fra T\u00f8lthester.\",\"isPartOf\":{\"@id\":\"https:\\\/\\\/toelthester.dk\\\/#website\"},\"datePublished\":\"2016-04-11T13:16:29+00:00\",\"dateModified\":\"2023-05-23T07:28:42+00:00\",\"description\":\"Med 15 \u00e5rs erfaring med produktion og udvikling af sadler til den Islandske hest, er du sikret de optimale Islandske sadler til din hest.\",\"breadcrumb\":{\"@id\":\"https:\\\/\\\/toelthester.dk\\\/#breadcrumb\"},\"inLanguage\":\"de\",\"potentialAction\":[{\"@type\":\"ReadAction\",\"target\":[\"https:\\\/\\\/toelthester.dk\\\/\"]}]},{\"@type\":\"BreadcrumbList\",\"@id\":\"https:\\\/\\\/toelthester.dk\\\/#breadcrumb\",\"itemListElement\":[{\"@type\":\"ListItem\",\"position\":1,\"name\":\"Hjem\",\"item\":\"https:\\\/\\\/toelthester.dk\\\/\"},{\"@type\":\"ListItem\",\"position\":2,\"name\":\"Forside\"}]},{\"@type\":\"WebSite\",\"@id\":\"https:\\\/\\\/toelthester.dk\\\/#website\",\"url\":\"https:\\\/\\\/toelthester.dk\\\/\",\"name\":\"Toelthester\",\"description\":\"\",\"potentialAction\":[{\"@type\":\"SearchAction\",\"target\":{\"@type\":\"EntryPoint\",\"urlTemplate\":\"https:\\\/\\\/toelthester.dk\\\/?s={search_term_string}\"},\"query-input\":{\"@type\":\"PropertyValueSpecification\",\"valueRequired\":true,\"valueName\":\"search_term_string\"}}],\"inLanguage\":\"de\"}]}<\/script>\n<!-- \/ Yoast SEO plugin. -->","yoast_head_json":{"title":"Islands\u00e4ttel f\u00fcr das Islandpferd von T\u00f8lhester.","description":"Mit 15 Jahren Erfahrung in der Produktion und Entwicklung von S\u00e4tteln f\u00fcr das Islandpferd sind Ihnen die optimalen Islands\u00e4ttel f\u00fcr Ihr Pferd garantiert.","robots":{"index":"index","follow":"follow","max-snippet":"max-snippet:-1","max-image-preview":"max-image-preview:large","max-video-preview":"max-video-preview:-1"},"canonical":"https:\/\/toelthester.dk\/de\/","og_locale":"de_DE","og_type":"article","og_title":"Islandske sadler til den Islandske hest fra T\u00f8lthester.","og_description":"Med 15 \u00e5rs erfaring med produktion og udvikling af sadler til den Islandske hest, er du sikret de optimale Islandske sadler til din hest.","og_url":"https:\/\/toelthester.dk\/de\/","og_site_name":"Toelthester","article_modified_time":"2023-05-23T07:28:42+00:00","twitter_card":"summary_large_image","twitter_misc":{"Gesch\u00e4tzte Lesezeit":"1\u00a0Minute"},"schema":{"@context":"https:\/\/schema.org","@graph":[{"@type":"WebPage","@id":"https:\/\/toelthester.dk\/","url":"https:\/\/toelthester.dk\/","name":"Islands\u00e4ttel f\u00fcr das Islandpferd von T\u00f8lhester.","isPartOf":{"@id":"https:\/\/toelthester.dk\/#website"},"datePublished":"2016-04-11T13:16:29+00:00","dateModified":"2023-05-23T07:28:42+00:00","description":"Mit 15 Jahren Erfahrung in der Produktion und Entwicklung von S\u00e4tteln f\u00fcr das Islandpferd sind Ihnen die optimalen Islands\u00e4ttel f\u00fcr Ihr Pferd garantiert.","breadcrumb":{"@id":"https:\/\/toelthester.dk\/#breadcrumb"},"inLanguage":"de","potentialAction":[{"@type":"ReadAction","target":["https:\/\/toelthester.dk\/"]}]},{"@type":"BreadcrumbList","@id":"https:\/\/toelthester.dk\/#breadcrumb","itemListElement":[{"@type":"ListItem","position":1,"name":"Hjem","item":"https:\/\/toelthester.dk\/"},{"@type":"ListItem","position":2,"name":"Forside"}]},{"@type":"WebSite","@id":"https:\/\/toelthester.dk\/#website","url":"https:\/\/toelthester.dk\/","name":"Toilettenpferde","description":"","potentialAction":[{"@type":"SearchAction","target":{"@type":"EntryPoint","urlTemplate":"https:\/\/toelthester.dk\/?s={search_term_string}"},"query-input":{"@type":"PropertyValueSpecification","valueRequired":true,"valueName":"search_term_string"}}],"inLanguage":"de"}]}},"_links":{"self":[{"href":"https:\/\/toelthester.dk\/de\/wp-json\/wp\/v2\/pages\/15","targetHints":{"allow":["GET"]}}],"collection":[{"href":"https:\/\/toelthester.dk\/de\/wp-json\/wp\/v2\/pages"}],"about":[{"href":"https:\/\/toelthester.dk\/de\/wp-json\/wp\/v2\/types\/page"}],"author":[{"embeddable":true,"href":"https:\/\/toelthester.dk\/de\/wp-json\/wp\/v2\/users\/1"}],"replies":[{"embeddable":true,"href":"https:\/\/toelthester.dk\/de\/wp-json\/wp\/v2\/comments?post=15"}],"version-history":[{"count":79,"href":"https:\/\/toelthester.dk\/de\/wp-json\/wp\/v2\/pages\/15\/revisions"}],"predecessor-version":[{"id":9350,"href":"https:\/\/toelthester.dk\/de\/wp-json\/wp\/v2\/pages\/15\/revisions\/9350"}],"wp:attachment":[{"href":"https:\/\/toelthester.dk\/de\/wp-json\/wp\/v2\/media?parent=15"}],"curies":[{"name":"wp","href":"https:\/\/api.w.org\/{rel}","templated":true}]}}